{"id":523,"date":"2020-02-26T19:41:59","date_gmt":"2020-02-26T18:41:59","guid":{"rendered":"https:\/\/mjesushernandez.com\/?page_id=523"},"modified":"2020-03-13T19:37:59","modified_gmt":"2020-03-13T18:37:59","slug":"press","status":"publish","type":"page","link":"https:\/\/mjesushernandez.com\/?page_id=523","title":{"rendered":"PRESS"},"content":{"rendered":"\n<figure class=\"wp-block-embed-youtube wp-block-embed is-type-video is-provider-youtube wp-embed-aspect-16-9 wp-has-aspect-ratio\"><div class=\"wp-block-embed__wrapper\">\n<iframe loading=\"lazy\" title=\"Exposici\u00f3n &#039;Flujos de Contracorriente&#039;, de Mar\u00eda Jes\u00fas Hern\u00e1ndez\" width=\"525\" height=\"295\" src=\"https:\/\/www.youtube.com\/embed\/pfoUt4r_8sI?start=14&#038;feature=oembed\" frameborder=\"0\" allow=\"accelerometer; autoplay; clipboard-write; encrypted-media; gyroscope; picture-in-picture; web-share\" referrerpolicy=\"strict-origin-when-cross-origin\" allowfullscreen><\/iframe>\n<\/div><\/figure>\n\n\n\n<figure class=\"wp-block-embed-youtube wp-block-embed is-type-video is-provider-youtube wp-embed-aspect-4-3 wp-has-aspect-ratio\"><div class=\"wp-block-embed__wrapper\">\n<iframe loading=\"lazy\" title=\"Exposici\u00f3n URJC\" width=\"525\" height=\"394\" src=\"https:\/\/www.youtube.com\/embed\/w-CcZrMp7ZE?feature=oembed\" frameborder=\"0\" allow=\"accelerometer; autoplay; clipboard-write; encrypted-media; gyroscope; picture-in-picture; web-share\" referrerpolicy=\"strict-origin-when-cross-origin\" allowfullscreen><\/iframe>\n<\/div><\/figure>\n\n\n\n<figure class=\"wp-block-image\"><img loading=\"lazy\" decoding=\"async\" width=\"642\" height=\"720\" src=\"https:\/\/mjesushernandez.com\/wp-content\/uploads\/2019\/11\/7375_10200124601452429_840503616_n-1.jpg\" alt=\"\" class=\"wp-image-437\" srcset=\"https:\/\/mjesushernandez.com\/wp-content\/uploads\/2019\/11\/7375_10200124601452429_840503616_n-1.jpg 642w, https:\/\/mjesushernandez.com\/wp-content\/uploads\/2019\/11\/7375_10200124601452429_840503616_n-1-268x300.jpg 268w\" sizes=\"auto, (max-width: 642px) 100vw, 642px\" \/><\/figure>\n\n\n\n<figure class=\"wp-block-image\"><img loading=\"lazy\" decoding=\"async\" width=\"686\" height=\"779\" src=\"https:\/\/mjesushernandez.com\/wp-content\/uploads\/2019\/11\/Constelacionesinfopunto-copia.jpg\" alt=\"\" class=\"wp-image-438\" srcset=\"https:\/\/mjesushernandez.com\/wp-content\/uploads\/2019\/11\/Constelacionesinfopunto-copia.jpg 686w, https:\/\/mjesushernandez.com\/wp-content\/uploads\/2019\/11\/Constelacionesinfopunto-copia-264x300.jpg 264w\" sizes=\"auto, (max-width: 686px) 100vw, 686px\" \/><\/figure>\n\n\n\n<figure class=\"wp-block-image\"><img loading=\"lazy\" decoding=\"async\" width=\"456\" height=\"416\" src=\"https:\/\/mjesushernandez.com\/wp-content\/uploads\/2019\/11\/norte.jpg\" alt=\"\" class=\"wp-image-440\" srcset=\"https:\/\/mjesushernandez.com\/wp-content\/uploads\/2019\/11\/norte.jpg 456w, https:\/\/mjesushernandez.com\/wp-content\/uploads\/2019\/11\/norte-300x274.jpg 300w\" sizes=\"auto, (max-width: 456px) 100vw, 456px\" \/><\/figure>\n\n\n\n<figure class=\"wp-block-image\"><img loading=\"lazy\" decoding=\"async\" width=\"349\" height=\"480\" src=\"https:\/\/mjesushernandez.com\/wp-content\/uploads\/2019\/11\/image-1.png\" alt=\"\" class=\"wp-image-442\" srcset=\"https:\/\/mjesushernandez.com\/wp-content\/uploads\/2019\/11\/image-1.png 349w, https:\/\/mjesushernandez.com\/wp-content\/uploads\/2019\/11\/image-1-218x300.png 218w\" sizes=\"auto, (max-width: 349px) 100vw, 349px\" \/><\/figure>\n","protected":false},"excerpt":{"rendered":"","protected":false},"author":2,"featured_media":0,"parent":0,"menu_order":0,"comment_status":"closed","ping_status":"closed","template":"","meta":{"_coblocks_attr":"","_coblocks_dimensions":"","_coblocks_responsive_height":"","_coblocks_accordion_ie_support":"","footnotes":""},"class_list":["post-523","page","type-page","status-publish","hentry"],"_links":{"self":[{"href":"https:\/\/mjesushernandez.com\/index.php?rest_route=\/wp\/v2\/pages\/523","targetHints":{"allow":["GET"]}}],"collection":[{"href":"https:\/\/mjesushernandez.com\/index.php?rest_route=\/wp\/v2\/pages"}],"about":[{"href":"https:\/\/mjesushernandez.com\/index.php?rest_route=\/wp\/v2\/types\/page"}],"author":[{"embeddable":true,"href":"https:\/\/mjesushernandez.com\/index.php?rest_route=\/wp\/v2\/users\/2"}],"replies":[{"embeddable":true,"href":"https:\/\/mjesushernandez.com\/index.php?rest_route=%2Fwp%2Fv2%2Fcomments&post=523"}],"version-history":[{"count":4,"href":"https:\/\/mjesushernandez.com\/index.php?rest_route=\/wp\/v2\/pages\/523\/revisions"}],"predecessor-version":[{"id":564,"href":"https:\/\/mjesushernandez.com\/index.php?rest_route=\/wp\/v2\/pages\/523\/revisions\/564"}],"wp:attachment":[{"href":"https:\/\/mjesushernandez.com\/index.php?rest_route=%2Fwp%2Fv2%2Fmedia&parent=523"}],"curies":[{"name":"wp","href":"https:\/\/api.w.org\/{rel}","templated":true}]}}